{"id":131,"date":"2021-04-06T16:19:06","date_gmt":"2021-04-06T16:19:06","guid":{"rendered":"https:\/\/we.nors.com\/privacy-policy\/"},"modified":"2022-04-18T11:43:20","modified_gmt":"2022-04-18T11:43:20","slug":"politica-de-privacidade","status":"publish","type":"page","link":"https:\/\/we.nors.com\/pt-pt\/politica-de-privacidade\/","title":{"rendered":"Pol\u00edtica de Privacidade"},"content":{"rendered":"<h1>Informa\u00e7\u00e3o Pr\u00e9via<\/h1>\n<p>O website dos We Nors Awards, doravante Nors, tem como finalidade disponibilizar conte\u00fados de car\u00e1ter geral e informativo. Este website n\u00e3o dever\u00e1 ser utilizado nem tido como substituto de informa\u00e7\u00f5es que lhe sejam concedidas pela Nors.<\/p>\n<p>A Nors empreende todos os esfor\u00e7os para garantir que as informa\u00e7\u00f5es contidas neste website s\u00e3o corretas e atualizadas. Contudo, a sua exatid\u00e3o n\u00e3o poder\u00e1 ser assegurada, pelo que a Nors n\u00e3o assume qualquer responsabilidade pela exatid\u00e3o, perfei\u00e7\u00e3o ou autenticidade de quaisquer informa\u00e7\u00f5es contidas neste website.<\/p>\n<p>A Nors reserva-se ainda o direito de introduzir altera\u00e7\u00f5es a qualquer momento, sem aviso pr\u00e9vio, relativamente a produtos e servi\u00e7os referidos neste website.<\/p>\n<p>O website da Nors rege-se pelos presentes Termos e Condi\u00e7\u00f5es, pelo que, ao utilizar o nosso website, o visitante e\/ou utilizador est\u00e1 expressamente a aceitar os mesmos.<\/p>\n<p>Assim, caso n\u00e3o concorde com os atuais Termos e Condi\u00e7\u00f5es n\u00e3o dever\u00e1 utilizar este website.<\/p>\n<h1>Propriedade Intelectual<\/h1>\n<p>O conte\u00fado deste website, incluindo marcas, desenhos, log\u00f3tipos, texto, imagens, materiais \u00e1udio e de v\u00eddeo, \u00e9 propriedade da Nors, a menos que tal seja indicado atrav\u00e9s de uma refer\u00eancia \u00e0 sua fonte, e est\u00e1 protegido nos termos gerais de direito e pela legisla\u00e7\u00e3o nacional e internacional em mat\u00e9ria de prote\u00e7\u00e3o da propriedade intelectual. N\u00e3o \u00e9 permitido exibir, reproduzir, distribuir, modificar, transmitir ou usar o conte\u00fado deste website de forma alguma, para qualquer finalidade p\u00fablica ou comercial, sem o pr\u00e9vio e expresso consentimento escrito da Nors.<\/p>\n<p>S\u00f3 poder\u00e1 utilizar a informa\u00e7\u00e3o, texto, figuras ou gr\u00e1ficos contidos neste website para seu uso pessoal, e nunca para fins comerciais, e n\u00e3o dever\u00e1 reproduzir, modificar, transmitir, autorizar ou publicar tais informa\u00e7\u00f5es, total ou parcialmente, para qualquer fim, sem a autoriza\u00e7\u00e3o pr\u00e9via e por escrito do grupo Nors.<\/p>\n<h1>Tratamento de Dados Pessoais<\/h1>\n<p>A navega\u00e7\u00e3o atrav\u00e9s do presente website poder\u00e1 n\u00e3o implicar o fornecimento de dados pessoais. Contudo, a Nors disponibiliza, no presente website, formul\u00e1rios de candidatura on-line, cujo preenchimento implica o fornecimento de dados pessoais, estando, no entanto, a sua utiliza\u00e7\u00e3o salvaguardada nos termos previstos nos respetivos formul\u00e1rios e protegida pela nossa Pol\u00edtica de Privacidade.<\/p>\n<p>Para quaisquer quest\u00f5es relativas ao tratamento dos seus dados, por favor, contacte-nos para:<br \/>\nMorada: Rua Manuel Pinto de Azevedo, n\u00ba 711, 1.\u00ba, 4149-010 Porto \u2013 Portugal<br \/>\nEmail: dpo@nors.com<\/p>\n<h1>Utiliza\u00e7\u00e3o de Cookies<\/h1>\n<p>O grupo Nors utiliza a tecnologia \u2018cookies\u2019 para ajudar a determinar a utilidade, interesse e n\u00famero de utiliza\u00e7\u00f5es do website, permitindo uma navega\u00e7\u00e3o mais r\u00e1pida e eficiente, bem como eliminando a necessidade de o utilizador introduzir repetidamente as mesmas informa\u00e7\u00f5es.<\/p>\n<p>Os \u2018cookies\u2019 s\u00e3o etiquetas de software que s\u00e3o armazenadas nos equipamentos de acesso, atrav\u00e9s do navegador (browser), retendo apenas informa\u00e7\u00e3o relacionada com as suas prefer\u00eancias e n\u00e3o incluindo, como tal, os seus dados pessoais.<\/p>\n<p>Todos os browsers permitem ao utilizador aceitar, recusar ou apagar cookies, nomeadamente atrav\u00e9s da sele\u00e7\u00e3o das defini\u00e7\u00f5es apropriadas no respetivo navegador.<\/p>\n<h1>Links de acesso a outros websites<\/h1>\n<p>No website da Nors poder\u00e1 encontrar links de acesso a outros websites alheios ao Grupo, n\u00e3o se aceitando qualquer responsabilidade pelos conte\u00fados, exatid\u00e3o, credibilidade e funcionalidades de websites pertencentes a terceiros. A disponibiliza\u00e7\u00e3o de tais links \u00e9 efetuada de boa f\u00e9, n\u00e3o podendo a Nors ser responsabilizada pelas modifica\u00e7\u00f5es que sejam efetuadas em websites pertencentes a terceiros.<\/p>\n<p>A disponibiliza\u00e7\u00e3o de links para outros websites alheios \u00e0 Nors n\u00e3o implica qualquer assun\u00e7\u00e3o de responsabilidades relativamente a esses websites. Recomendamos veemente que se informe e leia atentamente as informa\u00e7\u00f5es legais e pol\u00edticas de privacidade de todos os websites que visite.<\/p>\n<h1>Seguran\u00e7a dos Dados<\/h1>\n<p>A Nors disp\u00f5e de procedimentos de natureza t\u00e9cnica e organizativa, com o objetivo de evitar quebras de seguran\u00e7a e o acesso indevido a dados pessoais, bem como a sua destrui\u00e7\u00e3o ou uso il\u00edcitos.<\/p>\n<p>Apesar de todos os esfor\u00e7os, n\u00e3o \u00e9 poss\u00edvel \u00e0 Nors garantir a plena e absoluta inviolabilidade da informa\u00e7\u00e3o recebida, tendo em conta o car\u00e1cter inseguro das redes abertas, como \u00e9 o caso da Internet.<\/p>\n<p>A Nors n\u00e3o se responsabiliza por danos resultantes de v\u00edrus ou outros elementos igualmente perigosos para o seu computador.<\/p>\n<h1>Disposi\u00e7\u00f5es Finais<\/h1>\n<p>A Nors reserva o direito de, a todo o momento e sem aviso pr\u00e9vio, alterar os presentes Termos e Condi\u00e7\u00f5es, pelo que aconselhamos a visitar esta p\u00e1gina com regularidade para rever a informa\u00e7\u00e3o contida no website e eventuais informa\u00e7\u00f5es adicionais.<\/p>\n<p>A forma como utiliza este website e os conte\u00fados nele presentes \u00e9 exclusivamente da sua responsabilidade e risco.<\/p>\n<p>Os presentes Termos e Condi\u00e7\u00f5es s\u00e3o regidos pela lei portuguesa.<\/p>\n","protected":false},"excerpt":{"rendered":"<p>Informa\u00e7\u00e3o Pr\u00e9via O website dos We Nors Awards, doravante Nors, tem como finalidade disponibilizar conte\u00fados de car\u00e1ter geral e informativo. Este website n\u00e3o dever\u00e1 ser utilizado nem tido como substituto de informa\u00e7\u00f5es que lhe sejam concedidas pela Nors. A Nors empreende todos os esfor\u00e7os para garantir que as informa\u00e7\u00f5es contidas neste website s\u00e3o corretas e [&hellip;]<\/p>\n","protected":false},"author":4,"featured_media":0,"parent":0,"menu_order":4,"comment_status":"closed","ping_status":"open","template":"page-templates\/text.php","meta":[],"_links":{"self":[{"href":"https:\/\/we.nors.com\/pt-pt\/wp-json\/wp\/v2\/pages\/131"}],"collection":[{"href":"https:\/\/we.nors.com\/pt-pt\/wp-json\/wp\/v2\/pages"}],"about":[{"href":"https:\/\/we.nors.com\/pt-pt\/wp-json\/wp\/v2\/types\/page"}],"author":[{"embeddable":true,"href":"https:\/\/we.nors.com\/pt-pt\/wp-json\/wp\/v2\/users\/4"}],"replies":[{"embeddable":true,"href":"https:\/\/we.nors.com\/pt-pt\/wp-json\/wp\/v2\/comments?post=131"}],"version-history":[{"count":3,"href":"https:\/\/we.nors.com\/pt-pt\/wp-json\/wp\/v2\/pages\/131\/revisions"}],"predecessor-version":[{"id":1053,"href":"https:\/\/we.nors.com\/pt-pt\/wp-json\/wp\/v2\/pages\/131\/revisions\/1053"}],"wp:attachment":[{"href":"https:\/\/we.nors.com\/pt-pt\/wp-json\/wp\/v2\/media?parent=131"}],"curies":[{"name":"wp","href":"https:\/\/api.w.org\/{rel}","templated":true}]}}