{"id":128,"date":"2021-04-06T17:04:10","date_gmt":"2021-04-06T17:04:10","guid":{"rendered":"https:\/\/we.nors.com\/learn-more\/"},"modified":"2023-05-05T15:53:09","modified_gmt":"2023-05-05T15:53:09","slug":"saber-mais","status":"publish","type":"page","link":"https:\/\/we.nors.com\/pt-pt\/saber-mais\/","title":{"rendered":"O evento"},"content":{"rendered":"<p>[vc_row full_width=&#8221;stretch_row&#8221; full_height=&#8221;yes&#8221; css=&#8221;.vc_custom_1683299190305{background-image: url(https:\/\/we.nors.com\/wp-content\/uploads\/2023\/05\/fundo-pagina-evento.jpg?id=2249) !important;background-position: center !important;background-repeat: no-repeat !important;background-size: cover !important;}&#8221;][vc_column el_class=&#8221;learn_more_page_content&#8221;][vc_column_text]<\/p>\n<h1 class=\"p1\">Juntos, na Nors, brilhamos como nunca.<\/h1>\n<p>[\/vc_column_text][vc_column_text]Valorizar uma cultura de reconhecimento \u00e9, para n\u00f3s, um pilar essencial. Sabemos que o evento de celebra\u00e7\u00e3o dos We Nors Awards \u00e9 um dos momentos mais especiais do ano da Nors, no qual comemoramos, em fam\u00edlia, o orgulho de fazer parte de um legado de sucesso como o nosso.<\/p>\n<p>Veja o v\u00eddeo da \u00faltima edi\u00e7\u00e3o e recorde os melhores momentos dos We Nors Awards em 2022![\/vc_column_text][vc_btn title=&#8221;Veja o v\u00eddeo&#8221; link=&#8221;url:https%3A%2F%2Fyoutu.be%2FLTQhC8lP36w&#8221; el_class=&#8221;lightgallery&#8221;][\/vc_column][\/vc_row]<\/p>\n","protected":false},"excerpt":{"rendered":"<p>[vc_row full_width=&#8221;stretch_row&#8221; full_height=&#8221;yes&#8221; css=&#8221;.vc_custom_1683299190305{background-image: url(https:\/\/we.nors.com\/wp-content\/uploads\/2023\/05\/fundo-pagina-evento.jpg?id=2249) !important;background-position: center !important;background-repeat: no-repeat !important;background-size: cover !important;}&#8221;][vc_column el_class=&#8221;learn_more_page_content&#8221;][vc_column_text] Juntos, na Nors, brilhamos como nunca. [\/vc_column_text][vc_column_text]Valorizar uma cultura de reconhecimento \u00e9, para n\u00f3s, um pilar essencial. Sabemos que o evento de celebra\u00e7\u00e3o dos We Nors Awards \u00e9 um dos momentos mais especiais do ano da Nors, no qual comemoramos, em fam\u00edlia, [&hellip;]<\/p>\n","protected":false},"author":4,"featured_media":0,"parent":0,"menu_order":3,"comment_status":"closed","ping_status":"closed","template":"","meta":[],"_links":{"self":[{"href":"https:\/\/we.nors.com\/pt-pt\/wp-json\/wp\/v2\/pages\/128"}],"collection":[{"href":"https:\/\/we.nors.com\/pt-pt\/wp-json\/wp\/v2\/pages"}],"about":[{"href":"https:\/\/we.nors.com\/pt-pt\/wp-json\/wp\/v2\/types\/page"}],"author":[{"embeddable":true,"href":"https:\/\/we.nors.com\/pt-pt\/wp-json\/wp\/v2\/users\/4"}],"replies":[{"embeddable":true,"href":"https:\/\/we.nors.com\/pt-pt\/wp-json\/wp\/v2\/comments?post=128"}],"version-history":[{"count":4,"href":"https:\/\/we.nors.com\/pt-pt\/wp-json\/wp\/v2\/pages\/128\/revisions"}],"predecessor-version":[{"id":2287,"href":"https:\/\/we.nors.com\/pt-pt\/wp-json\/wp\/v2\/pages\/128\/revisions\/2287"}],"wp:attachment":[{"href":"https:\/\/we.nors.com\/pt-pt\/wp-json\/wp\/v2\/media?parent=128"}],"curies":[{"name":"wp","href":"https:\/\/api.w.org\/{rel}","templated":true}]}}