{"id":124,"date":"2021-04-06T17:03:58","date_gmt":"2021-04-06T17:03:58","guid":{"rendered":"https:\/\/we.nors.com\/categories\/"},"modified":"2023-09-15T10:08:38","modified_gmt":"2023-09-15T10:08:38","slug":"as-nossas-categorias","status":"publish","type":"page","link":"https:\/\/we.nors.com\/pt-pt\/as-nossas-categorias\/","title":{"rendered":"Os nossos nomeados"},"content":{"rendered":"<p>[vc_row full_width=&#8221;stretch_row_content_no_spaces&#8221; full_height=&#8221;yes&#8221; css=&#8221;.vc_custom_1683299004483{background-image: url(https:\/\/we.nors.com\/wp-content\/uploads\/2023\/05\/fundo-pagina-categorias-1.jpg?id=2224) !important;background-position: center !important;background-repeat: no-repeat !important;background-size: cover !important;}&#8221;][vc_column css=&#8221;.vc_custom_1617806172422{margin-top: 0px !important;border-top-width: 0px !important;padding-top: 0px !important;}&#8221;]<div class=\"wenors_categories_shortcode\">\n\t<div class=\"swiper-container\">\n\t\t<div class=\"swiper-wrapper\">\n\t\t\t\t\t\t\t<div class=\"swiper-slide\">\n\t\t\t\t\t<div class=\"category\">\n\t\t\t\t\t\t\t\t\t\t\t\t\t<h2 class=\"category_title intro\">Os nossos nomeados<\/h2>\n\t\t\t\t\t\t\t\t\t\t\t\t\t\t\t\t\t\t\t<p class=\"category_description\"><span class=\"ui-provider bke bkf bkg bkh bki bkj bkk bkl bkm bkn bko bkp bkq bkr bks bkt bku bkv bkw bkx bky bkz bla blb blc bld ble blf blg blh bli blj blk bll blm\" dir=\"ltr\"><strong>Vote nas suas estrelas favoritas!<\/strong><br \/>\nSelecione um nomeado em cada uma das 5 categorias.<br \/>\nNo final e para garantir a submiss\u00e3o das vota\u00e7\u00f5es, clique no canto superior direito em 5\/5 ou v\u00e1 ao bot\u00e3o (vote aqui) na home page. Ter\u00e1 de inserir o seu e-mail e por fim submeter a sua candidatura.<br \/>\nS\u00f3 \u00e9 aceite uma submiss\u00e3o por pessoa.<br \/>\n<\/span><\/p>\n\t\t\t\t\t\t\t\t\t\t\t\t<a href=\"#\" class=\"scroll_down\"><\/a>\n\t\t\t\t\t<\/div>\n\t\t\t\t<\/div>\n\t\t\t\t\t\t\t\t\t\t\t\t\t\t<div class=\"swiper-slide\">\n\t\t\t\t\t<div class=\"category\" style=\"background-image:url(https:\/\/we.nors.com\/wp-content\/uploads\/2023\/05\/we-deliver.jpg);\">\n\t\t\t\t\t\t<h2 class=\"category_title\">WeDeliver | orienta\u00e7\u00e3o para o cliente<\/h2>\n\t\t\t\t\t\t<p class=\"category_description\">Distinguimos a\u00e7\u00f5es e projetos com um impacto positivo na satisfa\u00e7\u00e3o do cliente, fomentando o desenvolvimento de rela\u00e7\u00f5es de parceria, baseadas na proximidade, dedica\u00e7\u00e3o e disponibilidade.<\/p>\n\t\t\t\t\t\t\t\t\t\t\t\t\t<a href=\"https:\/\/we.nors.com\/pt-pt\/nominee-category\/we-deliver-pt\/\" class=\"category_link wenors_button\">Ver Nomeados<\/a>\n\t\t\t\t\t\t\t\t\t\t\t<\/div>\n\t\t\t\t<\/div>\n\t\t\t\t\t\t\t\t\t\t\t<div class=\"swiper-slide\">\n\t\t\t\t\t<div class=\"category\" style=\"background-image:url(https:\/\/we.nors.com\/wp-content\/uploads\/2023\/05\/we-innovate.jpg);\">\n\t\t\t\t\t\t<h2 class=\"category_title\">WeInnovate | inova\u00e7\u00e3o<\/h2>\n\t\t\t\t\t\t<p class=\"category_description\">Premiamos iniciativas que, pelo seu car\u00e1cter criativo, sejam capazes de transformar o paradigma da organiza\u00e7\u00e3o, incidindo sobre os m\u00e9todos, processos ou pessoas. Valorizamos ideias com um impacto verdadeiramente positivo no neg\u00f3cio, conduzindo-o para o crescimento exponencial ou sustent\u00e1vel e potenciando a transforma\u00e7\u00e3o organizacional.<\/p>\n\t\t\t\t\t\t\t\t\t\t\t\t\t<a href=\"https:\/\/we.nors.com\/pt-pt\/nominee-category\/we-innovate-pt-pt\/\" class=\"category_link wenors_button\">Ver Nomeados<\/a>\n\t\t\t\t\t\t\t\t\t\t\t<\/div>\n\t\t\t\t<\/div>\n\t\t\t\t\t\t\t\t\t\t\t<div class=\"swiper-slide\">\n\t\t\t\t\t<div class=\"category\" style=\"background-image:url(https:\/\/we.nors.com\/wp-content\/uploads\/2023\/05\/we-unite.jpg);\">\n\t\t\t\t\t\t<h2 class=\"category_title\">WeUnite | esp\u00edrito de equipa<\/h2>\n\t\t\t\t\t\t<p class=\"category_description\">Premiamos atitudes coletivas excecionais, em prol de um objetivo uno. Queremos destacar o projeto\/trabalho desenvolvido por um conjunto de pessoas que, com um esp\u00edrito colaborativo, promovem sinergias dentro do grupo, potenciando compet\u00eancias individuais para um objetivo comum.<\/p>\n\t\t\t\t\t\t\t\t\t\t\t\t\t<a href=\"https:\/\/we.nors.com\/pt-pt\/nominee-category\/we-unite-pt\/\" class=\"category_link wenors_button\">Ver Nomeados<\/a>\n\t\t\t\t\t\t\t\t\t\t\t<\/div>\n\t\t\t\t<\/div>\n\t\t\t\t\t\t\t\t\t\t\t<div class=\"swiper-slide\">\n\t\t\t\t\t<div class=\"category\" style=\"background-image:url(https:\/\/we.nors.com\/wp-content\/uploads\/2023\/05\/we-lead.jpg);\">\n\t\t\t\t\t\t<h2 class=\"category_title\">WeLead | lideran\u00e7a<\/h2>\n\t\t\t\t\t\t<p class=\"category_description\">Valorizamos a capacidade de conduzir, motivar e inspirar a equipa, em prol de um objetivo comum. Reconhecemos a chefia que lidera pelo exemplo, promovendo equipas motivadas e focadas nos objetivos, mesmo em momentos desafiantes, sendo reconhecida por todos como um exemplo de lideran\u00e7a e determina\u00e7\u00e3o.<\/p>\n\t\t\t\t\t\t\t\t\t\t\t\t\t<a href=\"https:\/\/we.nors.com\/pt-pt\/nominee-category\/we-lead-pt-pt\/\" class=\"category_link wenors_button\">Ver Nomeados<\/a>\n\t\t\t\t\t\t\t\t\t\t\t<\/div>\n\t\t\t\t<\/div>\n\t\t\t\t\t\t\t\t\t\t\t<div class=\"swiper-slide\">\n\t\t\t\t\t<div class=\"category\" style=\"background-image:url(https:\/\/we.nors.com\/wp-content\/uploads\/2023\/05\/we-are.jpg);\">\n\t\t\t\t\t\t<h2 class=\"category_title\">WeAre | ser Nors<\/h2>\n\t\t\t\t\t\t<p class=\"category_description\">Valorizamos uma conduta alinhada com o car\u00e1ter Nors, assente na transpar\u00eancia, na ambi\u00e7\u00e3o e numa forte componente relacional e humana. Enaltecemos aqueles que transformam estes atributos em premissas di\u00e1rias. Aqui, destacamos o colaborador que \u00e9 envolvido com a cultura da organiza\u00e7\u00e3o, com um forte sentido de responsabilidade e que trabalha de forma ambiciosa e \u00edntegra, promovendo rela\u00e7\u00f5es de parceria e confian\u00e7a com os pares.<\/p>\n\t\t\t\t\t\t\t\t\t\t\t\t\t<a href=\"https:\/\/we.nors.com\/pt-pt\/nominee-category\/we-are-pt-pt\/\" class=\"category_link wenors_button\">Ver Nomeados<\/a>\n\t\t\t\t\t\t\t\t\t\t\t<\/div>\n\t\t\t\t<\/div>\n\t\t\t\t\t<\/div>\n\t<\/div>\n<\/div>[\/vc_column][\/vc_row]<\/p>\n","protected":false},"excerpt":{"rendered":"<p>[vc_row full_width=&#8221;stretch_row_content_no_spaces&#8221; full_height=&#8221;yes&#8221; css=&#8221;.vc_custom_1683299004483{background-image: url(https:\/\/we.nors.com\/wp-content\/uploads\/2023\/05\/fundo-pagina-categorias-1.jpg?id=2224) !important;background-position: center !important;background-repeat: no-repeat !important;background-size: cover !important;}&#8221;][vc_column css=&#8221;.vc_custom_1617806172422{margin-top: 0px !important;border-top-width: 0px !important;padding-top: 0px !important;}&#8221;][\/vc_column][\/vc_row]<\/p>\n","protected":false},"author":4,"featured_media":0,"parent":0,"menu_order":1,"comment_status":"closed","ping_status":"closed","template":"","meta":[],"_links":{"self":[{"href":"https:\/\/we.nors.com\/pt-pt\/wp-json\/wp\/v2\/pages\/124"}],"collection":[{"href":"https:\/\/we.nors.com\/pt-pt\/wp-json\/wp\/v2\/pages"}],"about":[{"href":"https:\/\/we.nors.com\/pt-pt\/wp-json\/wp\/v2\/types\/page"}],"author":[{"embeddable":true,"href":"https:\/\/we.nors.com\/pt-pt\/wp-json\/wp\/v2\/users\/4"}],"replies":[{"embeddable":true,"href":"https:\/\/we.nors.com\/pt-pt\/wp-json\/wp\/v2\/comments?post=124"}],"version-history":[{"count":4,"href":"https:\/\/we.nors.com\/pt-pt\/wp-json\/wp\/v2\/pages\/124\/revisions"}],"predecessor-version":[{"id":2794,"href":"https:\/\/we.nors.com\/pt-pt\/wp-json\/wp\/v2\/pages\/124\/revisions\/2794"}],"wp:attachment":[{"href":"https:\/\/we.nors.com\/pt-pt\/wp-json\/wp\/v2\/media?parent=124"}],"curies":[{"name":"wp","href":"https:\/\/api.w.org\/{rel}","templated":true}]}}