{"id":120,"date":"2021-04-06T16:34:07","date_gmt":"2021-04-06T16:34:07","guid":{"rendered":"https:\/\/we.nors.com\/home\/"},"modified":"2023-09-15T10:36:27","modified_gmt":"2023-09-15T10:36:27","slug":"home","status":"publish","type":"page","link":"https:\/\/we.nors.com\/pt-pt\/","title":{"rendered":"Home"},"content":{"rendered":"<p>[vc_row full_width=&#8221;stretch_row&#8221; full_height=&#8221;yes&#8221; css=&#8221;.vc_custom_1683299090691{background-image: url(https:\/\/we.nors.com\/wp-content\/uploads\/2023\/05\/fundo-homepage.jpg?id=2252) !important;background-position: center !important;background-repeat: no-repeat !important;background-size: cover !important;}&#8221;][vc_column el_class=&#8221;home_page_content&#8221;][vc_column_text]<\/p>\n<h1>est\u00e3o abertas as vota\u00e7\u00f5es dos W<span class=\"wenors_awards_title\">e Nors Awards<\/span><\/h1>\n<p>[\/vc_column_text][vc_row_inner el_class=&#8221;custom_columns&#8221;][vc_column_inner width=&#8221;1\/3&#8243;][vc_column_text]Ser parte do esp\u00edrito Nors \u00e9 sin\u00f3nimo de abra\u00e7ar uma cultura de transpar\u00eancia e ambi\u00e7\u00e3o que valoriza as rela\u00e7\u00f5es e o desenvolvimento pessoal. Os We Nors Awards visam reconhecer aqueles que contribuem, incansavelmente, para o sucesso da nossa organiza\u00e7\u00e3o nas seguintes dimens\u00f5es: esp\u00edrito de equipa, orienta\u00e7\u00e3o ao cliente, inova\u00e7\u00e3o, lideran\u00e7a, performance empresarial e cultura Nors.[\/vc_column_text][\/vc_column_inner][vc_column_inner width=&#8221;1\/3&#8243;][vc_column_text]Vote nas suas estrelas favoritas!<br \/>\nSelecione um nomeado em cada uma das 5 categorias. No final e para garantir a submiss\u00e3o das vota\u00e7\u00f5es, clique no canto superior direito em 5\/5 ou v\u00e1 ao bot\u00e3o (vote aqui) na home page. Ter\u00e1 de inserir o seu e-mail e por fim submeter a sua candidatura.<br \/>\nS\u00f3 \u00e9 aceite uma submiss\u00e3o por pessoa.[\/vc_column_text][\/vc_column_inner][vc_column_inner width=&#8221;1\/3&#8243;][\/vc_column_inner][\/vc_row_inner][vc_btn title=&#8221;os nossos nomeados&#8221; link=&#8221;url:https%3A%2F%2Fwe.nors.com%2Fpt-pt%2Fas-nossas-categorias%2F|title:Votar%20Agora&#8221;][vc_btn title=&#8221;Vote aqui&#8221; link=&#8221;url:https%3A%2F%2Fwe.nors.com%2Fpt-pt%2Fvote%2F&#8221;][\/vc_column][\/vc_row]<\/p>\n","protected":false},"excerpt":{"rendered":"<p>[vc_row full_width=&#8221;stretch_row&#8221; full_height=&#8221;yes&#8221; css=&#8221;.vc_custom_1683299090691{background-image: url(https:\/\/we.nors.com\/wp-content\/uploads\/2023\/05\/fundo-homepage.jpg?id=2252) !important;background-position: center !important;background-repeat: no-repeat !important;background-size: cover !important;}&#8221;][vc_column el_class=&#8221;home_page_content&#8221;][vc_column_text] est\u00e3o abertas as vota\u00e7\u00f5es dos We Nors Awards [\/vc_column_text][vc_row_inner el_class=&#8221;custom_columns&#8221;][vc_column_inner width=&#8221;1\/3&#8243;][vc_column_text]Ser parte do esp\u00edrito Nors \u00e9 sin\u00f3nimo de abra\u00e7ar uma cultura de transpar\u00eancia e ambi\u00e7\u00e3o que valoriza as rela\u00e7\u00f5es e o desenvolvimento pessoal. Os We Nors Awards visam reconhecer aqueles que contribuem, [&hellip;]<\/p>\n","protected":false},"author":4,"featured_media":0,"parent":0,"menu_order":0,"comment_status":"closed","ping_status":"closed","template":"","meta":[],"_links":{"self":[{"href":"https:\/\/we.nors.com\/pt-pt\/wp-json\/wp\/v2\/pages\/120"}],"collection":[{"href":"https:\/\/we.nors.com\/pt-pt\/wp-json\/wp\/v2\/pages"}],"about":[{"href":"https:\/\/we.nors.com\/pt-pt\/wp-json\/wp\/v2\/types\/page"}],"author":[{"embeddable":true,"href":"https:\/\/we.nors.com\/pt-pt\/wp-json\/wp\/v2\/users\/4"}],"replies":[{"embeddable":true,"href":"https:\/\/we.nors.com\/pt-pt\/wp-json\/wp\/v2\/comments?post=120"}],"version-history":[{"count":4,"href":"https:\/\/we.nors.com\/pt-pt\/wp-json\/wp\/v2\/pages\/120\/revisions"}],"predecessor-version":[{"id":2803,"href":"https:\/\/we.nors.com\/pt-pt\/wp-json\/wp\/v2\/pages\/120\/revisions\/2803"}],"wp:attachment":[{"href":"https:\/\/we.nors.com\/pt-pt\/wp-json\/wp\/v2\/media?parent=120"}],"curies":[{"name":"wp","href":"https:\/\/api.w.org\/{rel}","templated":true}]}}