{"id":130,"date":"2021-04-06T16:19:06","date_gmt":"2021-04-06T16:19:06","guid":{"rendered":"https:\/\/we.nors.com\/privacy-policy\/"},"modified":"2022-04-18T11:45:36","modified_gmt":"2022-04-18T11:45:36","slug":"politique-de-confidentialite","status":"publish","type":"page","link":"https:\/\/we.nors.com\/fr\/politique-de-confidentialite\/","title":{"rendered":"Politique de Confidentialit\u00e9"},"content":{"rendered":"<h1>Information pr\u00e9alable<\/h1>\n<p>Le site web du We Nors Awards, d\u00e9sormais Nors, a pour objectif de fournir un contenu g\u00e9n\u00e9ral et informatif. Ce site web ne doit pas \u00eatre utilis\u00e9 comme remplacement des informations fournies par Nors.<br \/>\nNors met tout en \u0153uvre pour que les informations pr\u00e9sentes sur ce site web soient correctes et \u00e0 jour. Cependant, son exactitude ne peut pas \u00eatre garantie, donc Nors n\u2019assume aucune responsabilit\u00e9 quant \u00e0 l\u2019exactitude, la pr\u00e9cision ou l\u2019authenticit\u00e9 des informations contenues sur ce site.<\/p>\n<p>Nors se r\u00e9serve en outre le droit d\u2019apporter des modifications \u00e0 tout moment, sans pr\u00e9avis, aux produits et services mentionn\u00e9s sur ce site.<\/p>\n<p>Le site de Nors est r\u00e9gi par les pr\u00e9sentes conditions g\u00e9n\u00e9rales, de sorte que lors de son utilisation, le visiteur et\/ou l\u2019utilisateur les accepte express\u00e9ment.\u2028Par cons\u00e9quent, si vous n\u2019acceptez pas les conditions g\u00e9n\u00e9rales actuelles, vous ne devez pas utiliser ce site.<\/p>\n<h1>Propri\u00e9t\u00e9 intellectuelle<\/h1>\n<p>Le contenu de ce site web, y compris les marques, dessins, logos, textes, images, documents audio et vid\u00e9o, appartient \u00e0 Nors, sauf indication contraire par r\u00e9f\u00e9rence \u00e0 sa source. De plus, ce contenu est prot\u00e9g\u00e9 par la loi g\u00e9n\u00e9rale et l\u00e9gislation nationale et internationale sur la protection de la propri\u00e9t\u00e9 intellectuelle. Il est interdit, quelle que soit la mani\u00e8re, d\u2019afficher, de reproduire, de distribuer, de modifier, de transmettre ou d\u2019utiliser le contenu de ce site web, \u00e0 des fins publiques ou commerciales, sans le consentement \u00e9crit pr\u00e9alable et explicite de Nors.<\/p>\n<p>Vous ne pouvez utiliser les informations, textes, figures ou graphiques contenus dans ce site que pour votre usage personnel et jamais \u00e0 des fins commerciales. De la m\u00eame mani\u00e8re, vous ne devez pas reproduire, modifier, transmettre, autoriser ou publier ces informations, partiellement ou enti\u00e8rement, quel que soit le but, sans autorisation \u00e9crite pr\u00e9alable de Nors.<\/p>\n<h1>Traitement de donn\u00e9es \u00e0 caract\u00e8re personnel<\/h1>\n<p>La navigation sur ce site web ne peut pas impliquer le partage de donn\u00e9es personnelles. Cependant, Nors met \u00e0 disposition, sur ce site, des formulaires de candidature en ligne, dont le remplissage implique le partage de donn\u00e9es personnelles. Ceci dit, l\u2019utilisation de ces m\u00eames donn\u00e9es est prot\u00e9g\u00e9e dans les conditions pr\u00e9vues dans les formulaires respectifs et par notre politique de confidentialit\u00e9.<\/p>\n<p>Pour toute question concernant le traitement de vos donn\u00e9es, veuillez nous contacter:<br \/>\nAdresse: Rua Manuel Pinto de Azevedo, n\u00ba 711, 1.\u00ba, 4149-010 Porto \u2013 Portugal<br \/>\nEmail: dpo@nors.com<\/p>\n<h1>Utilisation des cookies<\/h1>\n<p>Le groupe Nors utilise la technologie des \u2018cookies\u2019 pour aider \u00e0 d\u00e9terminer l\u2019utilit\u00e9, l\u2019int\u00e9r\u00eat et le nombre d\u2019utilisations du site web, permettant une navigation plus rapide et plus efficace, ainsi que l\u2019\u00e9limination de la n\u00e9cessit\u00e9 pour l\u2019utilisateur de saisir \u00e0 plusieurs reprises les m\u00eames informations.\u2028Les \u2018cookies\u2019 sont des petits ensembles de donn\u00e9es qui sont stock\u00e9s sur l\u2019\u00e9quipement d\u2019acc\u00e8s, via le navigateur (browser), ne conservant que les informations li\u00e9es \u00e0 vos pr\u00e9f\u00e9rences et n\u2019incluant pas, en tant que telles, vos donn\u00e9es personnelles.<\/p>\n<p>Tous les navigateurs permettent \u00e0 l\u2019utilisateur d\u2019accepter, de refuser ou de supprimer les cookies, notamment en s\u00e9lectionnant les param\u00e8tres pour ce fait, dans le navigateur respectif.<\/p>\n<h1>Liens d\u2019acc\u00e8s vers d\u2019autres sites web<\/h1>\n<p>Sur le site web de Nors, vous pouvez trouver des liens d\u2019acc\u00e8s vers d\u2019autres sites en dehors du Groupe. Nors ne prend aucune responsabilit\u00e9 concernant le contenu, l\u2019exactitude, la cr\u00e9dibilit\u00e9 et la fonctionnalit\u00e9 des sites web appartenant \u00e0 des tiers. La mise \u00e0 disposition de tels liens est faite de bonne foi et Nors ne peut pas \u00eatre tenue responsable des modifications apport\u00e9es aux sites web appartenant \u00e0 des tiers.<\/p>\n<p>La mise \u00e0 disposition de liens vers d\u2019autres sites en dehors de Nors n\u2019implique aucune prise de responsabilit\u00e9 \u00e0 l\u2019\u00e9gard de ceux-ci. Nous vous recommandons vivement de vous informer et de lire attentivement les informations l\u00e9gales et les politiques de confidentialit\u00e9 de tous les sites web que vous visitez.<\/p>\n<h1>S\u00e9curit\u00e9 des donn\u00e9es<\/h1>\n<p>Nors dispose de proc\u00e9dures techniques et organisationnelles, dans le but de pr\u00e9venir des atteintes \u00e0 la s\u00e9curit\u00e9 et l\u2019acc\u00e8s abusif aux donn\u00e9es personnelles, ainsi que leur destruction ou leur utilisation ill\u00e9gale.<\/p>\n<p>Malgr\u00e9 tous les efforts, il est impossible pour Nors de garantir l\u2019inviolabilit\u00e9 totale et absolue des informations re\u00e7ues, compte tenu du caract\u00e8re non s\u00e9curis\u00e9 des r\u00e9seaux ouverts, comme Internet.<\/p>\n<p>Nors n\u2019est pas responsable des dommages caus\u00e9s par des virus ou d\u2019autres \u00e9l\u00e9ments tout aussi dangereux pour votre ordinateur.<\/p>\n<h1>Dispositions finales<\/h1>\n<p>Nors se r\u00e9serve le droit, \u00e0 tout moment et sans pr\u00e9avis, de modifier les pr\u00e9sentes conditions g\u00e9n\u00e9rales. Nous vous conseillons donc de visiter cette page r\u00e9guli\u00e8rement pour revoir les contenus du site et toute information suppl\u00e9mentaire.<\/p>\n<p>La mani\u00e8re dont vous utilisez ce site web et son contenu est enti\u00e8rement \u00e0 vos propres risques et p\u00e9rils.<br \/>\nCes termes et conditions sont r\u00e9gis par la loi portugaise.<\/p>\n","protected":false},"excerpt":{"rendered":"<p>Information pr\u00e9alable Le site web du We Nors Awards, d\u00e9sormais Nors, a pour objectif de fournir un contenu g\u00e9n\u00e9ral et informatif. Ce site web ne doit pas \u00eatre utilis\u00e9 comme remplacement des informations fournies par Nors. Nors met tout en \u0153uvre pour que les informations pr\u00e9sentes sur ce site web soient correctes et \u00e0 jour. [&hellip;]<\/p>\n","protected":false},"author":4,"featured_media":0,"parent":0,"menu_order":4,"comment_status":"closed","ping_status":"open","template":"page-templates\/text.php","meta":[],"_links":{"self":[{"href":"https:\/\/we.nors.com\/fr\/wp-json\/wp\/v2\/pages\/130"}],"collection":[{"href":"https:\/\/we.nors.com\/fr\/wp-json\/wp\/v2\/pages"}],"about":[{"href":"https:\/\/we.nors.com\/fr\/wp-json\/wp\/v2\/types\/page"}],"author":[{"embeddable":true,"href":"https:\/\/we.nors.com\/fr\/wp-json\/wp\/v2\/users\/4"}],"replies":[{"embeddable":true,"href":"https:\/\/we.nors.com\/fr\/wp-json\/wp\/v2\/comments?post=130"}],"version-history":[{"count":4,"href":"https:\/\/we.nors.com\/fr\/wp-json\/wp\/v2\/pages\/130\/revisions"}],"predecessor-version":[{"id":1055,"href":"https:\/\/we.nors.com\/fr\/wp-json\/wp\/v2\/pages\/130\/revisions\/1055"}],"wp:attachment":[{"href":"https:\/\/we.nors.com\/fr\/wp-json\/wp\/v2\/media?parent=130"}],"curies":[{"name":"wp","href":"https:\/\/api.w.org\/{rel}","templated":true}]}}