{"id":126,"date":"2021-04-06T17:04:10","date_gmt":"2021-04-06T17:04:10","guid":{"rendered":"https:\/\/we.nors.com\/learn-more\/"},"modified":"2023-05-05T15:53:50","modified_gmt":"2023-05-05T15:53:50","slug":"apprendre-encore-plus","status":"publish","type":"page","link":"https:\/\/we.nors.com\/fr\/apprendre-encore-plus\/","title":{"rendered":"L&rsquo;\u00e9v\u00e9nement"},"content":{"rendered":"<p>[vc_row full_width=\u00a0\u00bbstretch_row\u00a0\u00bb full_height=\u00a0\u00bbyes\u00a0\u00bb css=\u00a0\u00bb.vc_custom_1683299163318{background-image: url(https:\/\/we.nors.com\/wp-content\/uploads\/2023\/04\/teste-1.jpg?id=1292) !important;background-position: center !important;background-repeat: no-repeat !important;background-size: cover !important;}\u00a0\u00bb][vc_column el_class=\u00a0\u00bblearn_more_page_content\u00a0\u00bb][vc_column_text]<\/p>\n<h1 class=\"p1\">Ensemble, \u00e0 Nors, nous brillons comme jamais auparavant.<\/h1>\n<p>[\/vc_column_text][vc_column_text]La valorisation d&rsquo;une culture de la reconnaissance est, pour nous, un pilier essentiel. Nous savons que l&rsquo;\u00e9v\u00e9nement de c\u00e9l\u00e9bration des we nors awards * est l&rsquo;un des moments les plus sp\u00e9ciaux de l&rsquo;ann\u00e9e Nors, au cours duquel nous c\u00e9l\u00e9brons, en tant que famille, la fiert\u00e9 de faire partie d&rsquo;un h\u00e9ritage r\u00e9ussi comme le n\u00f4tre.<\/p>\n<p>Regardez la vid\u00e9o de la derni\u00e8re \u00e9dition et r\u00e9veillez-vous avec les meilleurs moments des We Nors Awards en 2022 ![\/vc_column_text][vc_btn title=\u00a0\u00bbVoir vid\u00e9o\u00a0\u00bb link=\u00a0\u00bburl:https%3A%2F%2Fyoutu.be%2FLTQhC8lP36w\u00a0\u00bb el_class=\u00a0\u00bblightgallery\u00a0\u00bb][\/vc_column][\/vc_row]<\/p>\n","protected":false},"excerpt":{"rendered":"<p>[vc_row full_width=\u00a0\u00bbstretch_row\u00a0\u00bb full_height=\u00a0\u00bbyes\u00a0\u00bb css=\u00a0\u00bb.vc_custom_1683299163318{background-image: url(https:\/\/we.nors.com\/wp-content\/uploads\/2023\/04\/teste-1.jpg?id=1292) !important;background-position: center !important;background-repeat: no-repeat !important;background-size: cover !important;}\u00a0\u00bb][vc_column el_class=\u00a0\u00bblearn_more_page_content\u00a0\u00bb][vc_column_text] Ensemble, \u00e0 Nors, nous brillons comme jamais auparavant. [\/vc_column_text][vc_column_text]La valorisation d&rsquo;une culture de la reconnaissance est, pour nous, un pilier essentiel. Nous savons que l&rsquo;\u00e9v\u00e9nement de c\u00e9l\u00e9bration des we nors awards * est l&rsquo;un des moments les plus sp\u00e9ciaux de l&rsquo;ann\u00e9e Nors, [&hellip;]<\/p>\n","protected":false},"author":4,"featured_media":0,"parent":0,"menu_order":3,"comment_status":"closed","ping_status":"closed","template":"","meta":[],"_links":{"self":[{"href":"https:\/\/we.nors.com\/fr\/wp-json\/wp\/v2\/pages\/126"}],"collection":[{"href":"https:\/\/we.nors.com\/fr\/wp-json\/wp\/v2\/pages"}],"about":[{"href":"https:\/\/we.nors.com\/fr\/wp-json\/wp\/v2\/types\/page"}],"author":[{"embeddable":true,"href":"https:\/\/we.nors.com\/fr\/wp-json\/wp\/v2\/users\/4"}],"replies":[{"embeddable":true,"href":"https:\/\/we.nors.com\/fr\/wp-json\/wp\/v2\/comments?post=126"}],"version-history":[{"count":4,"href":"https:\/\/we.nors.com\/fr\/wp-json\/wp\/v2\/pages\/126\/revisions"}],"predecessor-version":[{"id":2289,"href":"https:\/\/we.nors.com\/fr\/wp-json\/wp\/v2\/pages\/126\/revisions\/2289"}],"wp:attachment":[{"href":"https:\/\/we.nors.com\/fr\/wp-json\/wp\/v2\/media?parent=126"}],"curies":[{"name":"wp","href":"https:\/\/api.w.org\/{rel}","templated":true}]}}