{"id":122,"date":"2021-04-06T17:03:58","date_gmt":"2021-04-06T17:03:58","guid":{"rendered":"https:\/\/we.nors.com\/categories\/"},"modified":"2023-09-15T10:28:27","modified_gmt":"2023-09-15T10:28:27","slug":"nos-categories","status":"publish","type":"page","link":"https:\/\/we.nors.com\/fr\/nos-categories\/","title":{"rendered":"Nos nomin\u00e9s"},"content":{"rendered":"<p>[vc_row full_width=\u00a0\u00bbstretch_row_content_no_spaces\u00a0\u00bb full_height=\u00a0\u00bbyes\u00a0\u00bb css=\u00a0\u00bb.vc_custom_1683298963297{background-image: url(https:\/\/we.nors.com\/wp-content\/uploads\/2023\/05\/fundo-pagina-categorias-1.jpg?id=2223) !important;background-position: center !important;background-repeat: no-repeat !important;background-size: cover !important;}\u00a0\u00bb][vc_column css=\u00a0\u00bb.vc_custom_1617806172422{margin-top: 0px !important;border-top-width: 0px !important;padding-top: 0px !important;}\u00a0\u00bb]<div class=\"wenors_categories_shortcode\">\n\t<div class=\"swiper-container\">\n\t\t<div class=\"swiper-wrapper\">\n\t\t\t\t\t\t\t<div class=\"swiper-slide\">\n\t\t\t\t\t<div class=\"category\">\n\t\t\t\t\t\t\t\t\t\t\t\t\t<h2 class=\"category_title intro\">Nos nomin\u00e9s<\/h2>\n\t\t\t\t\t\t\t\t\t\t\t\t\t\t\t\t\t\t\t<p class=\"category_description\"><strong>Votez pour vos stars pr\u00e9f\u00e9r\u00e9es !<\/strong><br \/>\nS\u00e9lectionnez un candidat dans chacune des 5 cat\u00e9gories.<br \/>\nA la fin et pour \u00eatre s\u00fbr de pouvoir soumettre votre vote, cliquez sur 5\/5 en haut \u00e0 droite ou allez sur le bouton (votez ici) de la page d&rsquo;accueil.<br \/>\nVous devrez entrer votre adresse \u00e9lectronique et soumettre ensuite votre candidature.<br \/>\nUne seule candidature par personne est accept\u00e9e.<\/p>\n\t\t\t\t\t\t\t\t\t\t\t\t<a href=\"#\" class=\"scroll_down\"><\/a>\n\t\t\t\t\t<\/div>\n\t\t\t\t<\/div>\n\t\t\t\t\t\t\t\t\t\t\t\t\t\t<div class=\"swiper-slide\">\n\t\t\t\t\t<div class=\"category\" style=\"background-image:url(https:\/\/we.nors.com\/wp-content\/uploads\/2023\/05\/we-deliver.jpg);\">\n\t\t\t\t\t\t<h2 class=\"category_title\">WeDeliver | l'orientation client\u00e8le<\/h2>\n\t\t\t\t\t\t<p class=\"category_description\">Ce prix vise \u00e0 distinguer certaines interventions et certains projets, qui ont un impact positif sur la satisfaction du client et favorisent le d\u00e9veloppement des relations de partenariat reposant sur la proximit\u00e9, le d\u00e9vouement et la disponibilit\u00e9.<\/p>\n\t\t\t\t\t\t\t\t\t\t\t\t\t<a href=\"https:\/\/we.nors.com\/fr\/nominee-category\/we-deliver-fr\/\" class=\"category_link wenors_button\">Voir les nomin\u00e9s<\/a>\n\t\t\t\t\t\t\t\t\t\t\t<\/div>\n\t\t\t\t<\/div>\n\t\t\t\t\t\t\t\t\t\t\t<div class=\"swiper-slide\">\n\t\t\t\t\t<div class=\"category\" style=\"background-image:url(https:\/\/we.nors.com\/wp-content\/uploads\/2023\/05\/we-innovate.jpg);\">\n\t\t\t\t\t\t<h2 class=\"category_title\">WeInnovate | innovation<\/h2>\n\t\t\t\t\t\t<p class=\"category_description\">Nous r\u00e9compensons la recherche d\u2019initiatives qui, de par leur caract\u00e8re cr\u00e9atif, permettent de transformer le paradigme de l\u2019organisation et ce, que ce soit en termes de m\u00e9thodes, de processus ou de capital humain. Ce prix vise \u00e0 r\u00e9compenser les id\u00e9es qui ont un impact v\u00e9ritablement positif sur notre activit\u00e9, qui lui permettent d\u2019atteindre une croissance exponentielle ou durable tout en transformant la propre organisation. <\/p>\n\t\t\t\t\t\t\t\t\t\t\t\t\t<a href=\"https:\/\/we.nors.com\/fr\/nominee-category\/we-innovate-fr\/\" class=\"category_link wenors_button\">Voir les nomin\u00e9s<\/a>\n\t\t\t\t\t\t\t\t\t\t\t<\/div>\n\t\t\t\t<\/div>\n\t\t\t\t\t\t\t\t\t\t\t<div class=\"swiper-slide\">\n\t\t\t\t\t<div class=\"category\" style=\"background-image:url(https:\/\/we.nors.com\/wp-content\/uploads\/2023\/05\/we-unite.jpg);\">\n\t\t\t\t\t\t<h2 class=\"category_title\">WeUnite | esprit d\u2019\u00e9quipe<\/h2>\n\t\t\t\t\t\t<p class=\"category_description\">Ce prix vise \u00e0 r\u00e9compenser des attitudes collectives exceptionnelles, en vue d\u2019un objectif unique. Nous reconnaissons un projet\/travail r\u00e9alis\u00e9 par un groupe de personnes qui, dans un esprit de collaboration, s\u2019attachent \u00e0 promouvoir les synergies au sein du groupe, tout en mobilisant les comp\u00e9tences individuelles, en vue d\u2019un objectif commun.<\/p>\n\t\t\t\t\t\t\t\t\t\t\t\t\t<a href=\"https:\/\/we.nors.com\/fr\/nominee-category\/we-unite-fr\/\" class=\"category_link wenors_button\">Voir les nomin\u00e9s<\/a>\n\t\t\t\t\t\t\t\t\t\t\t<\/div>\n\t\t\t\t<\/div>\n\t\t\t\t\t\t\t\t\t\t\t<div class=\"swiper-slide\">\n\t\t\t\t\t<div class=\"category\" style=\"background-image:url(https:\/\/we.nors.com\/wp-content\/uploads\/2023\/05\/we-lead.jpg);\">\n\t\t\t\t\t\t<h2 class=\"category_title\">WeLead | leadership<\/h2>\n\t\t\t\t\t\t<p class=\"category_description\">Capacit\u00e9 de diriger, de motiver et d\u2019inspirer l\u2019\u00e9quipe, en vue d\u2019un objectif commun. Nous reconnaissons un chef qui dirige tout en donnant l'exemple, en promouvant des \u00e9quipes motiv\u00e9es et centr\u00e9es sur les objectifs, y compris dans les moments les plus compliqu\u00e9s, et est reconnu par tous comme un exemple de leadership et de d\u00e9termination.<\/p>\n\t\t\t\t\t\t\t\t\t\t\t\t\t<a href=\"https:\/\/we.nors.com\/fr\/nominee-category\/we-lead-fr\/\" class=\"category_link wenors_button\">Voir les nomin\u00e9s<\/a>\n\t\t\t\t\t\t\t\t\t\t\t<\/div>\n\t\t\t\t<\/div>\n\t\t\t\t\t\t\t\t\t\t\t<div class=\"swiper-slide\">\n\t\t\t\t\t<div class=\"category\" style=\"background-image:url(https:\/\/we.nors.com\/wp-content\/uploads\/2023\/05\/we-are.jpg);\">\n\t\t\t\t\t\t<h2 class=\"category_title\">WeAre | \u00eatre Nors<\/h2>\n\t\t\t\t\t\t<p class=\"category_description\">Nous valorisons les comportements qui s\u2019alignent sur le caract\u00e8re Nors, qui reposent sur la transparence, sur l\u2019ambition ainsi que sur une forte composante relationnelle et humaine. Nous mettons en avant ceux qui font de ces qualit\u00e9s des principes au quotidien. Nous voulons mettre l'accent sur un collaborateur impliqu\u00e9 dans la culture de l\u2019organisation, qui fait preuve d\u2019un sens pouss\u00e9 de la responsabilit\u00e9 et qui travaille de mani\u00e8re ambitieuse et int\u00e8gre, tout en promouvant les relations de partenariat et de confiance avec tous ses coll\u00e8gues.<\/p>\n\t\t\t\t\t\t\t\t\t\t\t\t\t<a href=\"https:\/\/we.nors.com\/fr\/nominee-category\/we-are-fr\/\" class=\"category_link wenors_button\">Voir les nomin\u00e9s<\/a>\n\t\t\t\t\t\t\t\t\t\t\t<\/div>\n\t\t\t\t<\/div>\n\t\t\t\t\t<\/div>\n\t<\/div>\n<\/div>[\/vc_column][\/vc_row]<\/p>\n","protected":false},"excerpt":{"rendered":"<p>[vc_row full_width=\u00a0\u00bbstretch_row_content_no_spaces\u00a0\u00bb full_height=\u00a0\u00bbyes\u00a0\u00bb css=\u00a0\u00bb.vc_custom_1683298963297{background-image: url(https:\/\/we.nors.com\/wp-content\/uploads\/2023\/05\/fundo-pagina-categorias-1.jpg?id=2223) !important;background-position: center !important;background-repeat: no-repeat !important;background-size: cover !important;}\u00a0\u00bb][vc_column css=\u00a0\u00bb.vc_custom_1617806172422{margin-top: 0px !important;border-top-width: 0px !important;padding-top: 0px !important;}\u00a0\u00bb][\/vc_column][\/vc_row]<\/p>\n","protected":false},"author":4,"featured_media":0,"parent":0,"menu_order":1,"comment_status":"closed","ping_status":"closed","template":"","meta":[],"_links":{"self":[{"href":"https:\/\/we.nors.com\/fr\/wp-json\/wp\/v2\/pages\/122"}],"collection":[{"href":"https:\/\/we.nors.com\/fr\/wp-json\/wp\/v2\/pages"}],"about":[{"href":"https:\/\/we.nors.com\/fr\/wp-json\/wp\/v2\/types\/page"}],"author":[{"embeddable":true,"href":"https:\/\/we.nors.com\/fr\/wp-json\/wp\/v2\/users\/4"}],"replies":[{"embeddable":true,"href":"https:\/\/we.nors.com\/fr\/wp-json\/wp\/v2\/comments?post=122"}],"version-history":[{"count":3,"href":"https:\/\/we.nors.com\/fr\/wp-json\/wp\/v2\/pages\/122\/revisions"}],"predecessor-version":[{"id":2795,"href":"https:\/\/we.nors.com\/fr\/wp-json\/wp\/v2\/pages\/122\/revisions\/2795"}],"wp:attachment":[{"href":"https:\/\/we.nors.com\/fr\/wp-json\/wp\/v2\/media?parent=122"}],"curies":[{"name":"wp","href":"https:\/\/api.w.org\/{rel}","templated":true}]}}