{"id":118,"date":"2021-04-06T16:34:07","date_gmt":"2021-04-06T16:34:07","guid":{"rendered":"https:\/\/we.nors.com\/home\/"},"modified":"2023-09-15T10:33:44","modified_gmt":"2023-09-15T10:33:44","slug":"home","status":"publish","type":"page","link":"https:\/\/we.nors.com\/fr\/","title":{"rendered":"Home"},"content":{"rendered":"<p>[vc_row full_width=\u00a0\u00bbstretch_row\u00a0\u00bb full_height=\u00a0\u00bbyes\u00a0\u00bb css=\u00a0\u00bb.vc_custom_1683299120957{background-image: url(https:\/\/we.nors.com\/wp-content\/uploads\/2023\/05\/fundo-homepage.jpg?id=2254) !important;background-position: center !important;background-repeat: no-repeat !important;background-size: cover !important;}\u00a0\u00bb][vc_column el_class=\u00a0\u00bbhome_page_content\u00a0\u00bb][vc_column_text]<\/p>\n<h1>le vote pour les<br \/>\nW<span class=\"wenors_awards_title\">e Nors Awards <\/span>est maintenant ouv<\/h1>\n<p>[\/vc_column_text][vc_row_inner el_class=\u00a0\u00bbcustom_columns\u00a0\u00bb][vc_column_inner width=\u00a0\u00bb1\/3&Prime;][vc_column_text]Faire partie de l&rsquo;esprit Nors, c&rsquo;est embrasser une culture de transparence et d&rsquo;ambition qui valorise les relations et le d\u00e9veloppement personnel.<\/p>\n<p>Les We Nors Awards visent \u00e0 reconna\u00eetre ceux qui contribuent, sans rel\u00e2che, au succ\u00e8s de notre organisation dans les dimensions suivantes : esprit d&rsquo;\u00e9quipe, orientation client, innovation, leadership, performances commerciales et culture Nors.[\/vc_column_text][\/vc_column_inner][vc_column_inner width=\u00a0\u00bb1\/3&Prime;][vc_column_text]Votez pour vos stars pr\u00e9f\u00e9r\u00e9es !<br \/>\nS\u00e9lectionnez un candidat dans chacune des 5 cat\u00e9gories.<br \/>\nA la fin et pour \u00eatre s\u00fbr de pouvoir soumettre votre vote, cliquez sur 5\/5 en haut \u00e0 droite ou allez sur le bouton (votez ici) de la page d&rsquo;accueil.<br \/>\nVous devrez entrer votre adresse \u00e9lectronique et soumettre ensuite votre candidature.<br \/>\nUne seule candidature par personne est accept\u00e9e.[\/vc_column_text][\/vc_column_inner][vc_column_inner width=\u00a0\u00bb1\/3&Prime;][\/vc_column_inner][\/vc_row_inner][vc_btn title=\u00a0\u00bbnos nomin\u00e9s\u00a0\u00bb link=\u00a0\u00bburl:https%3A%2F%2Fwe.nors.com%2Ffr%2Fnos-categories%2F|title:Votez%20Maintenant\u00a0\u00bb][vc_btn title=\u00a0\u00bbVotez ici\u00a0\u00bb link=\u00a0\u00bburl:https%3A%2F%2Fwe.nors.com%2Ffr%2Fvote%2F\u00a0\u00bb][\/vc_column][\/vc_row]<\/p>\n","protected":false},"excerpt":{"rendered":"<p>[vc_row full_width=\u00a0\u00bbstretch_row\u00a0\u00bb full_height=\u00a0\u00bbyes\u00a0\u00bb css=\u00a0\u00bb.vc_custom_1683299120957{background-image: url(https:\/\/we.nors.com\/wp-content\/uploads\/2023\/05\/fundo-homepage.jpg?id=2254) !important;background-position: center !important;background-repeat: no-repeat !important;background-size: cover !important;}\u00a0\u00bb][vc_column el_class=\u00a0\u00bbhome_page_content\u00a0\u00bb][vc_column_text] le vote pour les We Nors Awards est maintenant ouv [\/vc_column_text][vc_row_inner el_class=\u00a0\u00bbcustom_columns\u00a0\u00bb][vc_column_inner width=\u00a0\u00bb1\/3&Prime;][vc_column_text]Faire partie de l&rsquo;esprit Nors, c&rsquo;est embrasser une culture de transparence et d&rsquo;ambition qui valorise les relations et le d\u00e9veloppement personnel. Les We Nors Awards visent \u00e0 reconna\u00eetre ceux qui [&hellip;]<\/p>\n","protected":false},"author":4,"featured_media":0,"parent":0,"menu_order":0,"comment_status":"closed","ping_status":"closed","template":"","meta":[],"_links":{"self":[{"href":"https:\/\/we.nors.com\/fr\/wp-json\/wp\/v2\/pages\/118"}],"collection":[{"href":"https:\/\/we.nors.com\/fr\/wp-json\/wp\/v2\/pages"}],"about":[{"href":"https:\/\/we.nors.com\/fr\/wp-json\/wp\/v2\/types\/page"}],"author":[{"embeddable":true,"href":"https:\/\/we.nors.com\/fr\/wp-json\/wp\/v2\/users\/4"}],"replies":[{"embeddable":true,"href":"https:\/\/we.nors.com\/fr\/wp-json\/wp\/v2\/comments?post=118"}],"version-history":[{"count":5,"href":"https:\/\/we.nors.com\/fr\/wp-json\/wp\/v2\/pages\/118\/revisions"}],"predecessor-version":[{"id":2800,"href":"https:\/\/we.nors.com\/fr\/wp-json\/wp\/v2\/pages\/118\/revisions\/2800"}],"wp:attachment":[{"href":"https:\/\/we.nors.com\/fr\/wp-json\/wp\/v2\/media?parent=118"}],"curies":[{"name":"wp","href":"https:\/\/api.w.org\/{rel}","templated":true}]}}